{"id":162,"date":"2024-12-30T17:17:06","date_gmt":"2024-12-30T17:17:06","guid":{"rendered":"https:\/\/aspiringballpythons.de\/?page_id=162"},"modified":"2025-01-05T10:11:32","modified_gmt":"2025-01-05T10:11:32","slug":"haltungsempfehlung","status":"publish","type":"page","link":"https:\/\/aspiringballpythons.de\/index.php\/haltungsempfehlung\/","title":{"rendered":"Haltungsempfehlung"},"content":{"rendered":"<h2>Der K\u00f6nigspython (Python regius)<\/h2>\n<p>K\u00f6nigspythons unterliegen dem Artenschutz. Beim Kauf ben\u00f6tigen Sie deshalb einen Herkunftsnachweis, gemeldet werden m\u00fcssen die Schlangen in Deutschland aber inzwischen nicht mehr.<\/p>\n<p>&nbsp;<\/p>\n<h4><strong><u>Steckbrief<\/u><\/strong><\/h4>\n<p><strong>K\u00f6nigspython (Pythonregius)<\/strong><br \/>\nDer K\u00f6nigspython ist eine ungiftige W\u00fcrgeschlange aus West- und Zentralafrika. Er wird 0,8\u20131,6 m lang (max. 2 m), wiegt 1\u20132,8 kg und kann \u00fcber 25 Jahre alt werden. Weibchen sind meist gr\u00f6\u00dfer als M\u00e4nnchen. K\u00f6nigspythons leben als Einzelg\u00e4nger und f\u00fchlen sich allein im Terrarium am wohlsten.<\/p>\n<p>&nbsp;<\/p>\n<h4><strong><u>Terrarium Jungtier<\/u><\/strong><\/h4>\n<p><strong>Das Terrarium f\u00fcr ein Jungtier sollte nicht zu gro\u00df sein<\/strong> (z. B. <strong>60x45x45 cm<\/strong>). Ideal sind <strong>zwei Temperaturzonen<\/strong>: eine k\u00fchlere (26\u201327\u00b0C) und eine w\u00e4rmere (31\u201332\u00b0C), jeweils mit <strong>Unterschlupf<\/strong>. F\u00fcr die Bodenheizung eignen sich <strong>Heizmatten<\/strong> (z. B. <strong>Lucky Reptile Thermo Mat<\/strong>) und <strong>Heatpanels<\/strong>, die \u00fcber ein <strong>Thermostat<\/strong> (z. B. <strong>Hobby Biotherm II<\/strong>) gesteuert werden <strong>m\u00fcssen<\/strong>. Eine Lichtquelle ist <strong>nicht n\u00f6tig<\/strong>, optional kann eine <strong>LED-Leuchte<\/strong> verwendet werden. Als Bodengrund bieten sich <strong>Weichholzeinstreu<\/strong> oder <strong>Kokosnuss Husk Chips<\/strong> an.<\/p>\n<p>F\u00fcr die R\u00fcck- und Seitenw\u00e4nde eignen sich <strong>Naturkork<\/strong> oder <strong>Styropor-Varianten<\/strong>, die gut isolieren. Zur Ausstattung geh\u00f6ren eine <strong>Wasserschale<\/strong> (z. B. Keramikschale, Kunststoffschale oder Kunststoffring mit Papier- oder Plastikeinlage), eine H\u00f6hle (z. B. aus Kunststoff oder Kork) alternativ eine <strong>Wet-Box<\/strong> aus Kunststoff mit feuchtem <strong>Sphagnum-Moos<\/strong>. Die <strong>Luftfeuchtigkeit<\/strong> sollte bei <strong>60\u201370%<\/strong> liegen, w\u00e4hrend der H\u00e4utung auch h\u00f6her.<\/p>\n<p>&nbsp;<\/p>\n<h4><strong><u>Terrarium f\u00fcr subadulte Tiere<\/u><\/strong><\/h4>\n<h4>Empfohlene Gr\u00f6\u00dfe: 80\/90 <strong>x 40\/45 x 40\/45 cm<\/strong>. Weitere Vorgaben wie bei Jungtieren.<\/h4>\n<p>&nbsp;<\/p>\n<h4><strong><u>Terrarium f\u00fcr adulte Tiere<\/u><\/strong><\/h4>\n<h4>Empfohlene Gr\u00f6\u00dfe: 100\/<strong>120 x 50\/60 x 40\/50 cm<\/strong>. Weitere Vorgaben wie bei Jungtieren.<\/h4>\n<p>&nbsp;<\/p>\n<h4><strong><u>F\u00fctterungsintervalle<\/u><\/strong><\/h4>\n<ul>\n<li><strong>Jungtiere<\/strong>: alle 5\u20137 Tage.<\/li>\n<li><strong>Subadulte<\/strong>: alle 7\u201314 Tage.<\/li>\n<li><strong>Adulte<\/strong>: alle 14 Tage.<\/li>\n<\/ul>\n<p>&nbsp;<\/p>\n<h4><strong><u>F\u00fctterung von K\u00f6nigspythons<\/u><\/strong><br \/>\nK\u00f6nigspythons werden von uns mit <strong>aufgetauten Futtertieren<\/strong> gef\u00fcttert.<\/h4>\n<p>Die Auftautemperatur sollte <strong>35\u00b0C<\/strong> betragen (idealerweise mit einer Temperaturpistole messen).<\/p>\n<h4><strong>Methoden zum Auftauen:<\/strong><\/h4>\n<ol>\n<li><strong>Kunststoffdosen-Methode<\/strong>: Futtertier in eine Dose legen, diese in eine zweite Dose mit warmem Wasser stellen, Vorgang wiederholen.<\/li>\n<li><strong>Wasserbad<\/strong>: Im kalten Wasser beginnen, dann schrittweise bis ca. 50\u00b0C erh\u00f6hen.<\/li>\n<li><strong>Nachw\u00e4rmen<\/strong>: Auf Heizung, Heizmatte oder mit Haarf\u00f6hn auf 35\u00b0C bringen.<\/li>\n<\/ol>\n<p>Das Futtertier wird mit einer <strong>Futterpinzette<\/strong> angeboten. Eine separate Box kann das F\u00fcttern erleichtern.<\/p>\n<h4><strong>Hinweise:<\/strong><\/h4>\n<ul>\n<li><strong>Lebendf\u00fctterung vermeiden<\/strong>, da Verletzungsgefahr besteht.<\/li>\n<li>Nach der F\u00fctterung die Schlange <strong>48\u201372 Stunden<\/strong> ruhen lassen.<\/li>\n<li>Auf die Qualit\u00e4t der Futtertiere achten.<\/li>\n<\/ul>\n<p>&nbsp;<\/p>\n<h4><strong><u>Literatur und YouTube<\/u><\/strong><\/h4>\n<p>Bitte auf <strong>verschiedene<\/strong> Quellen zur\u00fcckgreifen.<\/p>\n<p><u>Python regius. Der K\u00f6nigspython<\/u> von Thomas K\u00f6lpin (Taschenbuch)<\/p>\n<p><u>Art f\u00fcr Art. Terraristik Band 3<\/u> &#8211; Der K\u00f6nigspython. Python regius von Ren\u00e9 Bonke (Taschenbuch)<\/p>\n<p><u>Python regius: Atlas der Farbmorphen<\/u> von Stefan Broghammer (Gebundene Ausgabe)<\/p>\n<p>&nbsp;<\/p>\n<h4><strong><u>Quellen:<\/u><\/strong><\/h4>\n<p>Seite \u201eK\u00f6nigspython\u201c. In: Wikipedia \u2013 Die freie Enzyklop\u00e4die. Bearbeitungsstand: 27. Dezember 2022, 09:37 UTC. URL: https:\/\/de.wikipedia.org\/w\/index.php?title=K%C3%B6nigspython&amp;oldid=229225239 (Abgerufen: 5. M\u00e4rz 2023, 15:49 UTC)<\/p>\n<p>Danch, Philipp: Art f\u00fcr Art \u2013 Der K\u00f6nigspython (o.J.) &#8211; https:\/\/www.pr-snakes.de\/1-1-der-konigspython-haltung-futterung-einrichtung\/ (Abgerufen: 31. Dezember 2022, 10:43 UTC)<\/p>\n<p>Tissler, Robin: K\u00f6nigspython (Python regius) \u2013 Arten, Lebensraum &amp; Haltung (o.J.) &#8211; https:\/\/reptilica.de\/koenigspython\/ (Abgerufen: 5. M\u00e4rz 2023, 09:49 UTC)<\/p>\n<p>Engel, Hubert &amp; Angelika: K\u00f6nigspython &#8211; Python regius (o.J.) &#8211; http:\/\/www.engel-reptiles.de\/koenigspython-haltungsrichtlinien.html (Abgerufen: 5. M\u00e4rz 2023, 11:19 UTC)<\/p>\n","protected":false},"excerpt":{"rendered":"<p>Der K\u00f6nigspython (Python regius) K\u00f6nigspythons unterliegen dem Artenschutz. Beim Kauf ben\u00f6tigen Sie deshalb einen Herkunftsnachweis, gemeldet werden m\u00fcssen die Schlangen in Deutschland aber inzwischen nicht [&hellip;]<\/p>\n","protected":false},"author":1,"featured_media":0,"parent":0,"menu_order":1,"comment_status":"closed","ping_status":"closed","template":"template-fullwide.php","meta":{"footnotes":""},"class_list":["post-162","page","type-page","status-publish","hentry"],"_links":{"self":[{"href":"https:\/\/aspiringballpythons.de\/index.php\/wp-json\/wp\/v2\/pages\/162","targetHints":{"allow":["GET"]}}],"collection":[{"href":"https:\/\/aspiringballpythons.de\/index.php\/wp-json\/wp\/v2\/pages"}],"about":[{"href":"https:\/\/aspiringballpythons.de\/index.php\/wp-json\/wp\/v2\/types\/page"}],"author":[{"embeddable":true,"href":"https:\/\/aspiringballpythons.de\/index.php\/wp-json\/wp\/v2\/users\/1"}],"replies":[{"embeddable":true,"href":"https:\/\/aspiringballpythons.de\/index.php\/wp-json\/wp\/v2\/comments?post=162"}],"version-history":[{"count":4,"href":"https:\/\/aspiringballpythons.de\/index.php\/wp-json\/wp\/v2\/pages\/162\/revisions"}],"predecessor-version":[{"id":193,"href":"https:\/\/aspiringballpythons.de\/index.php\/wp-json\/wp\/v2\/pages\/162\/revisions\/193"}],"wp:attachment":[{"href":"https:\/\/aspiringballpythons.de\/index.php\/wp-json\/wp\/v2\/media?parent=162"}],"curies":[{"name":"wp","href":"https:\/\/api.w.org\/{rel}","templated":true}]}}